{"id":409,"date":"2023-01-23T11:50:48","date_gmt":"2023-01-23T11:50:48","guid":{"rendered":"https:\/\/jakovsedlar.net\/en\/?page_id=409"},"modified":"2023-01-23T13:44:28","modified_gmt":"2023-01-23T13:44:28","slug":"films","status":"publish","type":"page","link":"https:\/\/jakovsedlar.net\/en\/films\/","title":{"rendered":"Films"},"content":{"rendered":"[vc_row][vc_column][vc_tabs heading_title=&#8221;FILMS&#8221;][vc_tab title=&#8221;FEATURE FILMS&#8221; tab_id=&#8221;1674474480-1-5&#8243;][mk_blog style=&#8221;newspaper&#8221; column=&#8221;1&#8243; image_size=&#8221;full&#8221; comments_share=&#8221;false&#8221; excerpt_length=&#8221;0&#8243; pagination=&#8221;false&#8221; cat=&#8221;3&#8243;][\/vc_tab][vc_tab title=&#8221;DOCU DRAMAS&#8221; tab_id=&#8221;1674474480-2-49&#8243;][mk_blog style=&#8221;newspaper&#8221; column=&#8221;1&#8243; image_size=&#8221;full&#8221; comments_share=&#8221;false&#8221; excerpt_length=&#8221;0&#8243; pagination=&#8221;false&#8221; exclude_post_format=&#8221;&#8221; cat=&#8221;5&#8243;][\/vc_tab][vc_tab title=&#8221;DOCUMENTARIES&#8221; tab_id=&#8221;1674474685700-2-2&#8243;][vc_column_text css=&#8221;.vc_custom_1674474727032{margin-bottom: 0px !important;}&#8221;]Mijo (1980, about the painter Mijo Kova\u010di\u0107, 20 min)<br \/>\nHvalen budi \u2013 Blessed Be (1981, about the painter Ivan Ve\u010denaj, 20 min)<br \/>\nHrvatski Bo\u017ei\u0107 \u2013 Croatian Christmas (1981, 45 min)<br \/>\nHrvatska naivna umjetnost \u2013 Croatian Na\u00efve Art (1984, 45 min, narrated by Martin Sheen)<br \/>\nMe\u0111ugorje, Gospi u pohode \u2013 Medjugorje, Visiting the Madonna (1984, 30 min)<br \/>\nSakralna umjetnost u Hrvata \u2013 Sacral Art in Croatia (1985, 90 min, narrated by Martin Sheen)<br \/>\nJordan (1985, about the painter Vasilije Jordan, 15 min)<br \/>\nLijepa na\u0161a \u2013 Our Beautiful Homeland (1986, the first film about Croatia, 85 min)<br \/>\nVedro podnebesje \u2013 Clear Skies (1986, film about the Herzegovinian Franciscan Province, 80 min)<br \/>\nJeste li bili u Zagrebu, gospodine Lumiere \u2013 Have you been to Zagreb, Mr Lumiere (1987, film about Zagrebu between 1900 to 1941, 90 min)<br \/>\nHrvatska i Hrvati \u2013 Croatia and the Croats (1988, 69 min)<br \/>\nStepinac-znak vremena \u2013 Stepinac: Sign of the Times (1988, 59 min)<br \/>\nJugoslavenska armija i srpski teroristi \u2013 The Yugoslav Army and Serbian Terrorists (1991, 20 min, narrated by Martin Sheen)<br \/>\nKrvavi Uskrs \u2013 Bloody Easter (1991, 15 min)<br \/>\nNepoznati dio Holokausta, Srbija 1941-1945 \u2013 The Unknown Holocaust, Serbia 1941-1945 (1992, 20 min, narrated by Sally Kelermann)<br \/>\nHrvatska \u2013 Croatia (1996, 45 min, narrated by Martin Sheen)<br \/>\nMozart of Basketball (1996, about Dra\u017een Petrovi\u0107, 55 min, narrated by Michael York)<br \/>\nTu\u0111man \u2013 hrvatski George Washington \u2013 Tudjman: Croatian George Washington (1997, 59 min, narrated by Martin Sheen)<br \/>\n\u017didovi i Hrvatska \u2013 The Jews and Croatia (1998, 80 min)<br \/>\nAn\u0111eli rata \u2013 Angels of War (1998, 30 min, about \u017deljka Juri\u0107, a child who survived the atrocities of Vukovar)<br \/>\nTo je put \u2013 This Is the Way (1999, about Samuel Schlesinger, 38 min)<br \/>\nMostovi sje\u0107anja \u2013 Bridges of Memories (1999, about the painter Tamar Hirschl, 30 min)<br \/>\nAlmira (2001, about the ballerina Almira Osmanovi\u0107, 50 min)<br \/>\nBra\u010d, Dalmacija, Hrvatska \u2013 Bra\u010d, Dalmatia, Croatia (2002, 15 min)<br \/>\nBarak (2002. 55 min. , story about Israeli polititian Ehud Barak)<br \/>\nSudbina mi nije dala da odem \u2013 Fate Did not Let Me Go (2002, 20 min, narrated by Liv Ullmann i Martin Sheen)<br \/>\nHrvatske katedrale \u2013 Croatian Cathedrals (2003, 55 min)<br \/>\nSlavenska (2003, about the ballerina Mija \u0106orak Slavenska, 45 min)<br \/>\nHrvatsko narodno kazali\u0161te u Zagrebu \u2013 The Croatian National Theatre in Zagreb (2003, 14 min)<br \/>\nYudith (2005, about Yudith Arnon, the \u201cmother\u201c of Israel\u2019s modern dance, 40 min)<br \/>\nKad mrtvi glasuju \u2013 When the Dead Vote (2006, about B. Mik\u0161i\u0107 and election fraud in Croatia, 55 min, narrated by Nastassia Kinski)<br \/>\nPetnaest do osam \u2013 Fifteen to Eight (2006, about Motti Hod, Commander of the Israeli Air Force, 58 min)<br \/>\nMaestro (2007, about the composer Boris Papandopulo, 50 min)<br \/>\nLav koji pla\u010de \u2013 The Weeping Lion (2007, story about Ariel Sharon, 55 min)<br \/>\nMayim, Mayim (2007, about a dance show that deals with the sufferings of children during WWII)<br \/>\nNema vi\u0161e heroja \u2013 No More Heroes (2007, about Meir Amit, commander of the Israeli Secret Service \u201cMossad\u201c, 37 min)<br \/>\nSinjska Alka (2007, 45 min)<br \/>\n\u017didovi i Ukrajina \u2013 The Jews and Ukraine (2008, 55 min, narrated by Armand Assante)<br \/>\nVizija u pustinji \u2013 Vision in the Desert (2008, about the dancer Veselko Sulji\u0107, 45 min)<br \/>\nLetica (2008, about the distinguished diaspora Croat Ilija Letica, 59 min)<br \/>\n\u0110api\u0107 (2008, about Ante \u0110api\u0107, 50 min)<br \/>\nHrvatska, ljubavi moja \u2013 Croatia, My Love (2008, about Ante Gotovina, 60 min)<br \/>\nTra\u017ee\u0107i Orsona \u2013 Searching for Orson (2008, about the unknown films and life of Orson Welles, 80 min, with Peter Bogdanovich, Steven Spielberg, Paul Mazursky, Oja Kodar\u2026)<br \/>\n\u0160paremblek (2009, about the dancer and choreographer Milko \u0160paremblek, 50 min)<br \/>\nLika ili Gospi\u0107ko-senjska biskupija \u2013 Lika or Diocese of Gospi\u0107-Senj (2009, 59 min)<br \/>\nGotovac (2009, about the composer Jakov Gotovac, 53 min)<br \/>\nTu\u0111man (2009, 55 min, the documentary also includes the complete interview with President Franjo Tu\u0111man)<br \/>\nPravednik Stepinac \u2013 Righteous Stepinac (2009, 55 min)<br \/>\nPaveli\u0107 bez maske \u2013 Paveli\u0107 Unmasked (2010, 59 min)<br \/>\nTito bez maske \u2013 Tito Unmasked (2010, 59 min)<br \/>\nYulia (2010, about Ukraine\u2019s former president Yulia Tymoshenko, 57 min, narrated by Armand Assante, with Vaclav Havel, Paulo Coelho\u2026)<br \/>\nHrvatska, tugo moja \u2013 Croatia, My Sorrow (2010, about contemporary Europe and the rule of injustice, 74 min)<br \/>\nRu\u017ea (2010, about the opera singer Ru\u017ea Pospi\u0161 Baldani, 50 min)<br \/>\nIstra ili Pore\u010dko-pulska biskupija \u2013 Istra or Diocese of Pore\u010d-Pula (2010, 60 min)<br \/>\nBo\u0161kovi\u0107 (2011, about the scientist Ru\u0111er Bo\u0161kovi\u0107, 50 min)<br \/>\nBitka za Dajlu \u2013 Fight for Dajla (2011, about the Italian attempt to steal Croatian property in Istria, 57 min)<br \/>\nNije moja du\u0161a prazna \u2013 My Soul Is Not Empty (2011, about the singer and songwriter Ivan Pulji\u0107, 43 min)<br \/>\n\u017didovi i Hrvatska \u2013 Jews and Croatia (2011, 60 min)<br \/>\nHrvati i njihovi franjevci u USA i Canadi \u2013 The Croats and their Franciscans in Canada and the USA (2011, 80 min)<br \/>\nHrvati i Srbi, povijest jedne averzije \u2013 The Croats and the Serbs: The History of an Aversion (2011, 85 min)<br \/>\nHrvatska katoli\u010dka \u017eupa sv. \u0106irila i Metoda u New Yorku \u2013 The Croatian Parish of Sts. Cyril &amp; Methodius in New York (2012, 60 min)<br \/>\nLjubav koja ne poznaje granica \u2013 The Love that Knows no Boundaries (2012, 30 min)<br \/>\nGlasono\u0161a promjena \u2013 Herald of Change (2012, about the Croatian Embassy in Canberra in 1977, 60 min)<br \/>\nTko \u017eeli ubiti Juliju Timo\u0161enko \u2013 Who Wants to Kill Yulia Tymoshenko (2012, 55 min)<br \/>\nPo\u017eega (2013, 50 min)<br \/>\nTr\u010de\u0107i za svjetlom \u2013 Chasing the Light (about the painter Toni Franovi\u0107, with Monika Leskovar, 2013, 30 min)<br \/>\nJulija, ona koja se nikada ne predaje \u2013 Yulia, Who Never Gives Up (about the prison days of Yulia Tymoshenko, 2014, 32 min))<br \/>\nHrvatski klubovi Geelong i Footscray \u2013 Croatian Clubs Geelong and Footscray (2014, 60 min)<br \/>\nJasenovac-istina \u2013 Jasenovac: The Truth (2015, 59 min)<br \/>\nPovijest zagreba\u010dkog \u0161porta \u2013 The History of Sports in Zagreb (2016, 25 min)<br \/>\nAnne Frank-nekad i danas \u2013 Anne Frank: Then and Now (the first film about The Diary of Anne Frank in Arabic, 2016, 63 min)<br \/>\nPravednica Ciganka \u2013 The Righteous Gypsy (the story of the only Gypsy woman honoured by Israel as \u201cRighteous among the Nations\u201d, 2016, 32 min)<br \/>\nSnaga ti\u0161ine \u2013 Power of Silence (2016, film about Braco, Croatian alternative healer, 2016, 56 min)<br \/>\nNisam se bojao umrijeti \u2013 I Was Not Afraid To Die (docudrama about the patriotic mission of Anton Kika\u0161, 2016, 112 min; starring Andrej Dojki\u0107, Armand Assante\u2026)<br \/>\nUniversity of Zagreb \u2013 Sveu\u010dili\u0161te u Zagrebu (2017, film about 350th anniversary of University of Zagreb, 20. min)<br \/>\nThe Child from the basket \u2013 Dijete iz paketa (2017, Story about Croatian women honoured by Israel as Righteous among the nations, 30 min.)<br \/>\nSto godina srbijanskoga terora u Hrvatskoj \u2013 Century of Serbian terror in Croatia (2018, story about 100. Anniversary of Yugoslavia, 60 min)<br \/>\nCroats and Australia \u2013 Hrvati i Australija (2018, First documentary about history of Croatian people in Australia)<br \/>\nFrom Mossad to Eichmann \u2013 Od Mosada do Eichmanna(2018, about Mossad agent Rafi Eitan, who caught Adolf Eichmann)<br \/>\nCroatian sport legends \u2013 Hrvatske sportske legende (2019, about legendary Croats in history of world sport)<br \/>\nCroatian Righteous \u2013 Hrvatski pravednici (2021, about Croatian Righteous among the nations)<br \/>\nThe Blue Coat, 30 years later (2022, film about the fate of \u017deljka Juri\u0107 Mitrovi\u0107)<br \/>\nThe Houses of Light (2022, Franco Nero, James Earl Jones and Magdalena Modri\u0107)<br \/>\nAmazing 11 (2022, film about the success of the Croatian football team at the World Cup in Russia 2018, with the participation of all football players and coach)[\/vc_column_text][\/vc_tab][\/vc_tabs][\/vc_column][\/vc_row]\n","protected":false},"excerpt":{"rendered":"<p>[vc_row][vc_column][vc_tabs heading_title=&#8221;FILMS&#8221;][vc_tab title=&#8221;FEATURE FILMS&#8221; tab_id=&#8221;1674474480-1-5&#8243;][mk_blog style=&#8221;newspaper&#8221; column=&#8221;1&#8243; image_size=&#8221;full&#8221; comments_share=&#8221;false&#8221; excerpt_length=&#8221;0&#8243; pagination=&#8221;false&#8221; cat=&#8221;3&#8243;][\/vc_tab][vc_tab title=&#8221;DOCU DRAMAS&#8221; tab_id=&#8221;1674474480-2-49&#8243;][mk_blog style=&#8221;newspaper&#8221; column=&#8221;1&#8243; image_size=&#8221;full&#8221; comments_share=&#8221;false&#8221; excerpt_length=&#8221;0&#8243; pagination=&#8221;false&#8221; exclude_post_format=&#8221;&#8221; cat=&#8221;5&#8243;][\/vc_tab][vc_tab title=&#8221;DOCUMENTARIES&#8221; tab_id=&#8221;1674474685700-2-2&#8243;][vc_column_text css=&#8221;.vc_custom_1674474727032{margin-bottom: 0px !important;}&#8221;]Mijo (1980, about the painter Mijo Kova\u010di\u0107, 20 min) Hvalen budi \u2013 Blessed Be (1981, about the painter Ivan Ve\u010denaj, 20 min) Hrvatski Bo\u017ei\u0107 \u2013 Croatian Christmas (1981, [&hellip;]<\/p>\n","protected":false},"author":2,"featured_media":0,"parent":0,"menu_order":0,"comment_status":"closed","ping_status":"closed","template":"","meta":{"footnotes":""},"class_list":["post-409","page","type-page","status-publish","hentry"],"_links":{"self":[{"href":"https:\/\/jakovsedlar.net\/en\/wp-json\/wp\/v2\/pages\/409","targetHints":{"allow":["GET"]}}],"collection":[{"href":"https:\/\/jakovsedlar.net\/en\/wp-json\/wp\/v2\/pages"}],"about":[{"href":"https:\/\/jakovsedlar.net\/en\/wp-json\/wp\/v2\/types\/page"}],"author":[{"embeddable":true,"href":"https:\/\/jakovsedlar.net\/en\/wp-json\/wp\/v2\/users\/2"}],"replies":[{"embeddable":true,"href":"https:\/\/jakovsedlar.net\/en\/wp-json\/wp\/v2\/comments?post=409"}],"version-history":[{"count":3,"href":"https:\/\/jakovsedlar.net\/en\/wp-json\/wp\/v2\/pages\/409\/revisions"}],"predecessor-version":[{"id":418,"href":"https:\/\/jakovsedlar.net\/en\/wp-json\/wp\/v2\/pages\/409\/revisions\/418"}],"wp:attachment":[{"href":"https:\/\/jakovsedlar.net\/en\/wp-json\/wp\/v2\/media?parent=409"}],"curies":[{"name":"wp","href":"https:\/\/api.w.org\/{rel}","templated":true}]}}